{"id":2182,"date":"2022-08-25T06:25:17","date_gmt":"2022-08-25T06:25:17","guid":{"rendered":"https:\/\/ppf-design.com\/?page_id=2182"},"modified":"2022-08-29T14:21:06","modified_gmt":"2022-08-29T14:21:06","slug":"entreprise","status":"publish","type":"page","link":"https:\/\/ppf-design.com\/?page_id=2182&lang=fr","title":{"rendered":"Soci\u00e9t\u00e9"},"content":{"rendered":"\n<h1 class=\"wp-block-heading\" style=\"text-transform:uppercase\">ppf design<\/h1>\n\n\n\n<p>PPF se positionne sur le march\u00e9 international avec une gamme exclusive de mobilier en bois, au design classique et moderne, fabriqu\u00e9 dans l\u2019Union Europ\u00e9enne.<\/p>\n\n\n\n<p>Sa passion, son design, sa qualit\u00e9, sa flexibilit\u00e9, son niveau \u00e9lev\u00e9 de sp\u00e9cialisation et des prix comp\u00e9titifs font de PPF une v\u00e9ritable r\u00e9f\u00e9rence pour la client\u00e8le priv\u00e9e, professionnelle et la d\u00e9coration d\u2019int\u00e9rieur. &nbsp;<\/p>\n\n\n<p><a href=\"https:\/\/ppf-design.com\/?p=2184&amp;lang=fr\">Lisez tout<\/a><\/p>\n\n\n<hr class=\"wp-block-separator has-alpha-channel-opacity\"\/>\n\n\n\n<div style=\"height:100px\" aria-hidden=\"true\" class=\"wp-block-spacer\"><\/div>\n\n\n\n\n\n\n<div style=\"height:100px\" aria-hidden=\"true\" class=\"wp-block-spacer\"><\/div>\n","protected":false},"excerpt":{"rendered":"<p>ppf design PPF se positionne sur le march\u00e9 international avec une gamme exclusive de mobilier en bois, au design classique et moderne, fabriqu\u00e9 dans l\u2019Union Europ\u00e9enne. Sa passion, son design, sa qualit\u00e9, sa flexibilit\u00e9, son niveau \u00e9lev\u00e9 de sp\u00e9cialisation et des prix comp\u00e9titifs font de PPF une v\u00e9ritable r\u00e9f\u00e9rence pour la&#8230; <\/p>\n<p class=\"more\"><a class=\"more-link\" href=\"https:\/\/ppf-design.com\/?page_id=2182&#038;lang=fr\">Leggi tutto<\/a><\/p>\n","protected":false},"author":1,"featured_media":0,"parent":0,"menu_order":0,"comment_status":"closed","ping_status":"closed","template":"page_template-full.php","meta":{"cybocfi_hide_featured_image":"","footnotes":""},"class_list":["post-2182","page","type-page","status-publish","hentry","is-cat-link-border-bottom"],"_links":{"self":[{"href":"https:\/\/ppf-design.com\/index.php?rest_route=\/wp\/v2\/pages\/2182","targetHints":{"allow":["GET"]}}],"collection":[{"href":"https:\/\/ppf-design.com\/index.php?rest_route=\/wp\/v2\/pages"}],"about":[{"href":"https:\/\/ppf-design.com\/index.php?rest_route=\/wp\/v2\/types\/page"}],"author":[{"embeddable":true,"href":"https:\/\/ppf-design.com\/index.php?rest_route=\/wp\/v2\/users\/1"}],"replies":[{"embeddable":true,"href":"https:\/\/ppf-design.com\/index.php?rest_route=%2Fwp%2Fv2%2Fcomments&post=2182"}],"version-history":[{"count":7,"href":"https:\/\/ppf-design.com\/index.php?rest_route=\/wp\/v2\/pages\/2182\/revisions"}],"predecessor-version":[{"id":2735,"href":"https:\/\/ppf-design.com\/index.php?rest_route=\/wp\/v2\/pages\/2182\/revisions\/2735"}],"wp:attachment":[{"href":"https:\/\/ppf-design.com\/index.php?rest_route=%2Fwp%2Fv2%2Fmedia&parent=2182"}],"curies":[{"name":"wp","href":"https:\/\/api.w.org\/{rel}","templated":true}]}}