{"id":2211,"date":"2022-08-25T07:39:09","date_gmt":"2022-08-25T07:39:09","guid":{"rendered":"https:\/\/ppf-design.com\/?page_id=2211"},"modified":"2022-08-29T14:26:40","modified_gmt":"2022-08-29T14:26:40","slug":"unternehmen","status":"publish","type":"page","link":"https:\/\/ppf-design.com\/?page_id=2211&lang=de","title":{"rendered":"Unternehmen"},"content":{"rendered":"\n<h1 class=\"wp-block-heading\">PPF DESIGN<\/h1>\n\n\n\n<p>PPF blickt auf den internationalen Markt mit einem exklusiven Inneneinrichtungsprogramm Made in EU, im klassischen und modernen Design aus edlem Holz gefertigt.<\/p>\n\n\n\n<p>Leidenschaft, Design, Qualit\u00e4t, Flexibilit\u00e4t, hohe Spezialisierung und wettbewerbsf\u00e4hige Preise machen PPF zu einem Bezugspunkt im Privatsektor, Contract-M\u00f6bel und im Interior Design.<\/p>\n\n\n<p><a href=\"https:\/\/ppf-design.com\/?p=2206&amp;lang=de\">Lesen Sie alles<\/a><\/p>\n\n\n<hr class=\"wp-block-separator has-alpha-channel-opacity\"\/>\n\n\n\n<div style=\"height:100px\" aria-hidden=\"true\" class=\"wp-block-spacer\"><\/div>\n\n\n\n\n\n\n<div style=\"height:100px\" aria-hidden=\"true\" class=\"wp-block-spacer\"><\/div>\n","protected":false},"excerpt":{"rendered":"<p>PPF DESIGN PPF blickt auf den internationalen Markt mit einem exklusiven Inneneinrichtungsprogramm Made in EU, im klassischen und modernen Design aus edlem Holz gefertigt. Leidenschaft, Design, Qualit\u00e4t, Flexibilit\u00e4t, hohe Spezialisierung und wettbewerbsf\u00e4hige Preise machen PPF zu einem Bezugspunkt im Privatsektor, Contract-M\u00f6bel und im Interior Design. Lesen Sie alles<\/p>\n","protected":false},"author":1,"featured_media":0,"parent":0,"menu_order":0,"comment_status":"closed","ping_status":"closed","template":"page_template-full.php","meta":{"cybocfi_hide_featured_image":"","footnotes":""},"class_list":["post-2211","page","type-page","status-publish","hentry","is-cat-link-border-bottom"],"_links":{"self":[{"href":"https:\/\/ppf-design.com\/index.php?rest_route=\/wp\/v2\/pages\/2211","targetHints":{"allow":["GET"]}}],"collection":[{"href":"https:\/\/ppf-design.com\/index.php?rest_route=\/wp\/v2\/pages"}],"about":[{"href":"https:\/\/ppf-design.com\/index.php?rest_route=\/wp\/v2\/types\/page"}],"author":[{"embeddable":true,"href":"https:\/\/ppf-design.com\/index.php?rest_route=\/wp\/v2\/users\/1"}],"replies":[{"embeddable":true,"href":"https:\/\/ppf-design.com\/index.php?rest_route=%2Fwp%2Fv2%2Fcomments&post=2211"}],"version-history":[{"count":6,"href":"https:\/\/ppf-design.com\/index.php?rest_route=\/wp\/v2\/pages\/2211\/revisions"}],"predecessor-version":[{"id":2737,"href":"https:\/\/ppf-design.com\/index.php?rest_route=\/wp\/v2\/pages\/2211\/revisions\/2737"}],"wp:attachment":[{"href":"https:\/\/ppf-design.com\/index.php?rest_route=%2Fwp%2Fv2%2Fmedia&parent=2211"}],"curies":[{"name":"wp","href":"https:\/\/api.w.org\/{rel}","templated":true}]}}